{"id":39,"date":"2024-12-21T18:48:21","date_gmt":"2024-12-21T15:48:21","guid":{"rendered":"https:\/\/inkertattoo.com.tr\/home\/"},"modified":"2025-02-16T18:29:32","modified_gmt":"2025-02-16T15:29:32","slug":"home","status":"publish","type":"page","link":"https:\/\/inkertattoo.com.tr\/","title":{"rendered":"Home"},"content":{"rendered":"\n\n\n\n\n\n\n\n\n\nH\u0130ZMETLER\u0130M\u0130Z\n\n\n\n\n\n\n\n\n\n\n\n\n\n\n\n\n","protected":false},"excerpt":{"rendered":"","protected":false},"author":1,"featured_media":0,"parent":0,"menu_order":0,"comment_status":"closed","ping_status":"closed","template":"","meta":{"pagelayer_contact_templates":[],"_pagelayer_content":"","footnotes":""},"class_list":["post-39","page","type-page","status-publish","hentry"],"_links":{"self":[{"href":"https:\/\/inkertattoo.com.tr\/index.php?rest_route=\/wp\/v2\/pages\/39","targetHints":{"allow":["GET"]}}],"collection":[{"href":"https:\/\/inkertattoo.com.tr\/index.php?rest_route=\/wp\/v2\/pages"}],"about":[{"href":"https:\/\/inkertattoo.com.tr\/index.php?rest_route=\/wp\/v2\/types\/page"}],"author":[{"embeddable":true,"href":"https:\/\/inkertattoo.com.tr\/index.php?rest_route=\/wp\/v2\/users\/1"}],"replies":[{"embeddable":true,"href":"https:\/\/inkertattoo.com.tr\/index.php?rest_route=%2Fwp%2Fv2%2Fcomments&post=39"}],"version-history":[{"count":17,"href":"https:\/\/inkertattoo.com.tr\/index.php?rest_route=\/wp\/v2\/pages\/39\/revisions"}],"predecessor-version":[{"id":258,"href":"https:\/\/inkertattoo.com.tr\/index.php?rest_route=\/wp\/v2\/pages\/39\/revisions\/258"}],"wp:attachment":[{"href":"https:\/\/inkertattoo.com.tr\/index.php?rest_route=%2Fwp%2Fv2%2Fmedia&parent=39"}],"curies":[{"name":"wp","href":"https:\/\/api.w.org\/{rel}","templated":true}]}}