{"id":38,"date":"2024-12-21T18:48:21","date_gmt":"2024-12-21T15:48:21","guid":{"rendered":"https:\/\/inkertattoo.com.tr\/about\/"},"modified":"2025-02-16T19:37:45","modified_gmt":"2025-02-16T16:37:45","slug":"about","status":"publish","type":"page","link":"https:\/\/inkertattoo.com.tr\/?page_id=38","title":{"rendered":"About"},"content":{"rendered":"\n\n\n<span style=\"color:#000000;\">HAKKIMIZDA<\/span>\n\n\n\n\nInker Tattoo, 2022 y\u0131l\u0131nda d\u00f6vme sanat\u0131na ve bireysel ifadenin g\u00fcc\u00fcne olan tutkumuzla kuruldu. O g\u00fcnden bu yana, sanat\u0131n s\u0131n\u0131r tan\u0131mad\u0131\u011f\u0131na inanarak her bir tasar\u0131m\u0131 sizin benzersiz hikayenizi yans\u0131tacak \u015fekilde hayata ge\u00e7iriyoruz.\n<p>Y\u0131llar\u0131n deneyimi ve yarat\u0131c\u0131 vizyonumuzla, minimal \u00e7izimlerden detayl\u0131 kompozisyonlara, yaz\u0131 d\u00f6vmelerinden \u00f6zel tasar\u0131mlara kadar geni\u015f bir yelpazede hizmet veriyoruz. D\u00f6vme kadar \u00f6nemli olan bir di\u011fer alan\u0131m\u0131z ise profesyonel piercing uygulamalar\u0131m\u0131z. Hijyen, hassasiyet ve estetik \u00f6nceli\u011fimizdir.<\/p>\n<p>St\u00fcdyomuzda her m\u00fc\u015fterimizi bir sanat eseri gibi g\u00f6r\u00fcyor, hayalinizdeki d\u00f6vmeyi en ince detay\u0131na kadar planl\u0131yoruz. Steril \u00e7al\u0131\u015fma ko\u015fullar\u0131, y\u00fcksek kaliteli malzemeler ve alan\u0131nda uzman bir ekiple g\u00fcvenli\u011finizi ve memnuniyetinizi \u00f6n planda tutuyoruz.<\/p>\n<p>Inker Tattoo ailesi olarak, sadece bir d\u00f6vme ya da piercing de\u011fil; sizinle birlikte bir an\u0131, bir iz yarat\u0131yoruz. <\/p>\n<p>Sanat\u0131n kalbinde bulu\u015fmak i\u00e7in sizi de st\u00fcdyomuza bekliyoruz.<\/p>\n\n\n\n\n<span style=\"color:#da2c82;\">SANAT\u00c7ILARIMIZ<\/span>\n\n\n\n\n\n\n\nERV\u0130N EKER\nMerhaba! Ben Ervin, 1998 do\u011fumluyum. Orta okul y\u0131llar\u0131na dayanan, d\u00f6vme sanat\u0131na olan ilgim ve hayallerimle birlikte 2018 y\u0131l\u0131nda d\u00f6vme sanat\u0131yla ilgilenmeye ba\u015flad\u0131m.\n<p>\nBa\u015fkent \u00dcniversitesi \u00c7izgi Film ve Animasyon b\u00f6l\u00fcm\u00fcnden 2020 y\u0131l\u0131nda b\u00f6l\u00fcm \u00fc\u00e7\u00fcnc\u00fcs\u00fc olarak mezun oldum. Sanata olan bak\u0131\u015f a\u00e7\u0131m, hem d\u00f6vme sanat\u0131nda hem de \u00e7ocuk kitab\u0131 \u00e7izerli\u011fiyle u\u011fra\u015ft\u0131\u011f\u0131m yarat\u0131c\u0131 s\u00fcre\u00e7lerde bana ilham veriyor.\n<\/p>\n<p>\nHaziran 2022\u2019de Ankara\u2019da kurdu\u011fum Inker Tattoo\u2019da hayallerimi ger\u00e7e\u011fe d\u00f6n\u00fc\u015ft\u00fcr\u00fcyor, her bir d\u00f6vmeyi ki\u015fisel bir sanat eseri olarak tasarl\u0131yorum. \u00d6zellikle patili dostlar\u0131m\u0131z\u0131, insanlar\u0131, do\u011fay\u0131, e\u015fyalar\u0131 ve tablolar\u0131 ger\u00e7ek\u00e7i bir yakla\u015f\u0131mla d\u00f6vme sanat\u0131na aktarmaktan b\u00fcy\u00fck keyif al\u0131yorum.\n<\/p>\n<p>\nSizlerle \u00e7al\u0131\u015fmak i\u00e7in sab\u0131rs\u0131zlan\u0131yorum!<\/p>\n\n\n","protected":false},"excerpt":{"rendered":"","protected":false},"author":1,"featured_media":0,"parent":0,"menu_order":0,"comment_status":"closed","ping_status":"closed","template":"","meta":{"pagelayer_contact_templates":[],"_pagelayer_content":"","footnotes":""},"class_list":["post-38","page","type-page","status-publish","hentry"],"_links":{"self":[{"href":"https:\/\/inkertattoo.com.tr\/index.php?rest_route=\/wp\/v2\/pages\/38","targetHints":{"allow":["GET"]}}],"collection":[{"href":"https:\/\/inkertattoo.com.tr\/index.php?rest_route=\/wp\/v2\/pages"}],"about":[{"href":"https:\/\/inkertattoo.com.tr\/index.php?rest_route=\/wp\/v2\/types\/page"}],"author":[{"embeddable":true,"href":"https:\/\/inkertattoo.com.tr\/index.php?rest_route=\/wp\/v2\/users\/1"}],"replies":[{"embeddable":true,"href":"https:\/\/inkertattoo.com.tr\/index.php?rest_route=%2Fwp%2Fv2%2Fcomments&post=38"}],"version-history":[{"count":8,"href":"https:\/\/inkertattoo.com.tr\/index.php?rest_route=\/wp\/v2\/pages\/38\/revisions"}],"predecessor-version":[{"id":275,"href":"https:\/\/inkertattoo.com.tr\/index.php?rest_route=\/wp\/v2\/pages\/38\/revisions\/275"}],"wp:attachment":[{"href":"https:\/\/inkertattoo.com.tr\/index.php?rest_route=%2Fwp%2Fv2%2Fmedia&parent=38"}],"curies":[{"name":"wp","href":"https:\/\/api.w.org\/{rel}","templated":true}]}}