{"id":37,"date":"2024-12-21T18:48:21","date_gmt":"2024-12-21T15:48:21","guid":{"rendered":"https:\/\/inkertattoo.com.tr\/contact\/"},"modified":"2025-02-16T18:27:50","modified_gmt":"2025-02-16T15:27:50","slug":"contact","status":"publish","type":"page","link":"https:\/\/inkertattoo.com.tr\/?page_id=37","title":{"rendered":"Contact"},"content":{"rendered":"\n\n\nbize ula\u015f\u0131n\n<p>Hayalinizdeki d\u00f6vmeyi veya piercingi konu\u015fmak i\u00e7in bizimle ileti\u015fime ge\u00e7mekten \u00e7ekinmeyin! Sorular\u0131n\u0131z\u0131 yan\u0131tlamaktan, randevu taleplerinizi almaktan ve size en iyi hizmeti sunmaktan mutluluk duyar\u0131z.<\/p><p><font color=\"#e01010\"><br><\/font><\/p><p>Randevu olu\u015fturmak, fiyat bilgisi almak ya da merak etti\u011finiz herhangi bir konu hakk\u0131nda bize ula\u015fabilirsiniz.<\/p>\n<p><span>info@inkertattoo.com.tr><\/span<\/p>\n\n\n\n\n\n\n\n\n\n\n\n\n\n\n\n","protected":false},"excerpt":{"rendered":"","protected":false},"author":1,"featured_media":0,"parent":0,"menu_order":0,"comment_status":"closed","ping_status":"closed","template":"","meta":{"pagelayer_contact_templates":[],"_pagelayer_content":"","footnotes":""},"class_list":["post-37","page","type-page","status-publish","hentry"],"_links":{"self":[{"href":"https:\/\/inkertattoo.com.tr\/index.php?rest_route=\/wp\/v2\/pages\/37","targetHints":{"allow":["GET"]}}],"collection":[{"href":"https:\/\/inkertattoo.com.tr\/index.php?rest_route=\/wp\/v2\/pages"}],"about":[{"href":"https:\/\/inkertattoo.com.tr\/index.php?rest_route=\/wp\/v2\/types\/page"}],"author":[{"embeddable":true,"href":"https:\/\/inkertattoo.com.tr\/index.php?rest_route=\/wp\/v2\/users\/1"}],"replies":[{"embeddable":true,"href":"https:\/\/inkertattoo.com.tr\/index.php?rest_route=%2Fwp%2Fv2%2Fcomments&post=37"}],"version-history":[{"count":11,"href":"https:\/\/inkertattoo.com.tr\/index.php?rest_route=\/wp\/v2\/pages\/37\/revisions"}],"predecessor-version":[{"id":256,"href":"https:\/\/inkertattoo.com.tr\/index.php?rest_route=\/wp\/v2\/pages\/37\/revisions\/256"}],"wp:attachment":[{"href":"https:\/\/inkertattoo.com.tr\/index.php?rest_route=%2Fwp%2Fv2%2Fmedia&parent=37"}],"curies":[{"name":"wp","href":"https:\/\/api.w.org\/{rel}","templated":true}]}}