{"id":241,"date":"2025-02-16T17:27:08","date_gmt":"2025-02-16T14:27:08","guid":{"rendered":"https:\/\/inkertattoo.com.tr\/?page_id=241"},"modified":"2025-02-16T19:54:35","modified_gmt":"2025-02-16T16:54:35","slug":"sikca-sorulan-sorular","status":"publish","type":"page","link":"https:\/\/inkertattoo.com.tr\/?page_id=241","title":{"rendered":"S\u0131kca Sorulan Sorular"},"content":{"rendered":"\n\n\n\n\n\n\nSIK\u00c7A SORULAN SORULAR\n\n\n<span style=\"color:#000000;\">D\u00f6vme sonras\u0131 du\u015fa girmemde bir sak\u0131nca var m\u0131?<\/span><span style=\"color:#000000;\"><\/span>\n<p style=\"text-align: left; color: rgb(255, 255, 255);\">\u00c7ok s\u0131cak suya maruz b\u0131rakmad\u0131\u011f\u0131n\u0131z takdirde d\u00f6vmenizi antibakteriyel sabunla y\u0131kayabilirsiniz. B\u00f6ylelikle d\u00f6vmenizin \u00fczerinde biriken s\u0131v\u0131lar\u0131 da temizlemi\u015f olaca\u011f\u0131n\u0131z i\u00e7in cildiniz de daha rahat nefes al\u0131r.<\/p>\n\n\n\n<span style=\"color: rgb(0, 0, 0);\">\u0130lk d\u00f6v<span style=\"\"><\/span>mem olacak, ac\u0131t\u0131yor mu?<\/span>\n<p style=\"color: rgb(255, 255, 255);\">Belki de en s\u0131k kar\u015f\u0131la\u015ft\u0131\u011f\u0131m\u0131z sorulardan biri bu. Ac\u0131 durumu yapt\u0131raca\u011f\u0131n\u0131z d\u00f6vmenin tarz\u0131na (\u00e7izgisel, g\u00f6lgeli, renkli vb.) ve yapt\u0131raca\u011f\u0131n\u0131z b\u00f6lgeye g\u00f6re de\u011fi\u015fkenlik g\u00f6sterir. \u00d6rne\u011fin kemik \u00fcstleri kemi\u011fin y\u00fczeyde olmad\u0131\u011f\u0131 b\u00f6lgelere g\u00f6re daha \u00e7ok hissettirecektir. A\u015fa\u011f\u0131ya hassas b\u00f6lgeler i\u00e7in bilgilendirme koyuyorum. Herkesin ac\u0131 e\u015fi\u011fi farkl\u0131d\u0131r. Sanat\u00e7\u0131lar\u0131m\u0131z\u0131n elinin hafifli\u011finden dolay\u0131 m\u00fc\u015fterilerimizin neredeyse hepsi abart\u0131l\u0131 bir ac\u0131 hissetmedi\u011fini dile getiriyor.<\/p>\n\n\n<p><span style=\"color: #000000;\">S\u00fcre\u00e7 nas\u0131l i\u015fliyor?<\/span><\/p>\n<p style=\"color: rgb(255, 255, 255);\">\u00d6ncelikle akl\u0131n\u0131zdaki tasar\u0131m\u0131 ya da sevdi\u011finiz g\u00f6rseli bize iletmeniz gerekiyor, e\u011fer akl\u0131n\u0131zda bir g\u00f6rsel yoksa fikirleriniz \u00fczerinden bir tasar\u0131m \u00e7\u0131kar\u0131yoruz. Duruma g\u00f6re \u00f6n g\u00f6r\u00fc\u015fme randevusu yap\u0131yoruz. D\u00f6vmeniz i\u00e7in randevu tarihi belirliyoruz ve bu tarihe kadar tasar\u0131m\u0131 sonland\u0131rm\u0131\u015f oluyoruz. Nadiren randevu g\u00fcn\u00fcnde tasarlanmas\u0131 gereken d\u00f6vmeler olabiliyor, bu da kar\u015f\u0131l\u0131kl\u0131 bir beyin f\u0131rt\u0131nas\u0131 ve an\u0131nda g\u00f6rebilece\u011finiz eskizlerle \u00e7ok keyifli bir deneyim ya\u015fat\u0131yor. Tasar\u0131m tamamland\u0131ktan sonra siz kahvenizi yudumlarken transfer a\u015famas\u0131n\u0131 tamaml\u0131yoruz ve cildinize bu transferi ge\u00e7irip birlikte yap\u0131\u015ft\u0131rd\u0131\u011f\u0131m\u0131z b\u00f6lgenin ve duru\u015funun sizin i\u00e7in tamamen uygun oldu\u011fundan emin oluyoruz. Haydi \u015fimdi bu g\u00fczel tasar\u0131m\u0131 derinize i\u015flemeye ba\u015flayal\u0131m!<\/p>\n<p>&nbsp;<\/p>\n\n\n\n\n<p><span style=\"color: #000000;\"><span style=\"color:#000000;\">Boyalar\u0131n\u0131z\u0131n kalitesi nas\u0131l?<\/span> <\/span><\/p>\n<p style=\"text-align: left; color: rgb(255, 255, 255);\">D\u00fcnyaca \u00fcnl\u00fc sanat\u00e7\u0131lar\u0131n da kulland\u0131\u011f\u0131 ve her birimizin tarz\u0131na uygun olan boyalarla i\u015flemlerimizi ger\u00e7ekle\u015ftiriyoruz. \u0130\u00e7iniz ferah olsun.<\/p>\n\n\n\n<p><span style=\"color: #000000;\"><span style=\"color:#000000;\">Cover up \u00e7al\u0131\u015f\u0131yor musunuz?<\/span> <\/span><\/p>\n<p style=\"color: rgb(255, 255, 255);\">Mevcut olan d\u00f6vmenin yo\u011funlu\u011funa ve yap\u0131lma zaman\u0131na g\u00f6re g\u00f6r\u00fc\u015fmelerimizi yap\u0131p, cover up i\u00e7in uygunsa tabii ki yap\u0131yoruz.<\/p>\n\n\n<p><span style=\"color: #000000;\"><span style=\"color:#000000;\">\u0130\u011fne a\u00e7\u0131l\u0131\u015f \u00fccreti ve yapt\u0131rmak istedi\u011fimiz d\u00f6vmenin \u00fccreti neye g\u00f6re belirleniyor?<\/span> <\/span><\/p>\n<p style=\"color: rgb(255, 255, 255);\">Se\u00e7ti\u011finiz sanat\u00e7\u0131n\u0131n \u00e7al\u0131\u015fma deneyimine ve sevdi\u011fi tarzlara g\u00f6re \u00fccretlerimizi belirliyoruz. En \u00f6nemli fakt\u00f6r yapt\u0131rmak istedi\u011finiz d\u00f6vmenin boyutu, detay seviyesi, renkli olma durumu ve hangi b\u00f6lgeye yap\u0131laca\u011f\u0131 elbette.<\/p>\n\n\n\n\n\r\n<p><span style=\"color: #000000;\">Yaz\u0131n m\u0131 k\u0131\u015f\u0131n m\u0131 d\u00f6vme yapt\u0131rmal\u0131? <\/span><\/p>\r\n\n<p style=\"color: rgb(255, 255, 255);\">Yaz\u0131n yapt\u0131rman\u0131n kolay ve zor yanlar\u0131 oldu\u011fu gibi k\u0131\u015f\u0131n yapt\u0131rman\u0131n da kolay ve zor yanlar\u0131 vard\u0131r. Yaz\u0131n d\u00f6venizi g\u00fcne\u015f \u0131\u015f\u0131nlar\u0131ndan ve havuz, deniz, ter gibi fakt\u00f6rlerden koruman\u0131z zorluklardan birisidir. D\u00f6vmenizi yapt\u0131rd\u0131ktan minimum 3 hafta sonra denize girebilirsiniz, havuz d\u00f6vmenizin enfeksiyon kapmas\u0131 i\u00e7in daha m\u00fcsait bir alan oldu\u011fundan d\u00f6vmenizin tamamen iyile\u015fmi\u015f oldu\u011fundan emin olman\u0131z gerekir. Kabuklar\u0131n\u0131 d\u00f6kt\u00fckten sonra deri tamamen iyile\u015fmi\u015f say\u0131lamaz. Bir d\u00f6vmenin tamamen iyile\u015fme s\u00fcreci 6 haftay\u0131 bulabilir. Bu y\u00fczden daha \u00e7ok k\u0131\u015f\u0131n yapt\u0131rmak ya da yaza do\u011fru yapt\u0131rmak daha \u00e7ok \u00f6neriliyor. K\u0131\u015f aylar\u0131 i\u00e7in de giydi\u011fimiz pamuklar\u0131 ve t\u00fcyleri yap\u0131\u015fabilen k\u0131yafetler de bir enfeksiyon kayna\u011f\u0131. K\u0131sacas\u0131 d\u00f6vmenize sanat\u00e7\u0131n\u0131z\u0131n bak\u0131m i\u00e7in s\u00f6yledikleri talimatlar \u0131\u015f\u0131\u011f\u0131nda bakarsan\u0131z yaz\u0131n da k\u0131\u015f\u0131n da hi\u00e7 bir problem ya\u015famazs\u0131n\u0131z.<\/p>\n\n\n\n\r\n<p><span style=\"color: #000000;\">D\u00f6vmede ve piercingde bir ya\u015f s\u0131n\u0131r\u0131 var m\u0131d\u0131r? <\/span><\/p>\r\n\n<p style=\"color: rgb(255, 255, 255);\">18 ya\u015f\u0131ndan k\u00fc\u00e7\u00fck ki\u015filerin ebeveynleriyle birlikte gelmesi ko\u015fuluyla d\u00f6vme ve piercing i\u015flemi yapt\u0131rabilir. Bizler de fikirlerinizi en do\u011fru \u015fekilde de\u011ferlendirip d\u00f6vme ve piercing i\u015flemi yap\u0131lacak ki\u015fiye fikirlerimizi sunup, hepimizin (en ba\u015fta tabii ki i\u015flem yap\u0131lacak ki\u015finin) i\u00e7ine en \u00e7ok sinen tasar\u0131m\u0131 ve b\u00f6lgeyi belirleyerek i\u015flemlerimiiz ger\u00e7ekle\u015ftiriyoruz.<\/p>\n\n\n\r\n<p><span style=\"color: #000000;\">Piercing sonras\u0131 du\u015fa girebilir miyim? <\/span><\/p>\r\n\n<p style=\"color: rgb(255, 255, 255);\">24 saat b\u00f6lgenin suyla temas\u0131ndan ka\u00e7\u0131nman\u0131z gerekti\u011finden bu s\u00fcrede du\u015fa girmemeniz \u00f6nerilir. Bu s\u00fcre sonras\u0131 girmenizde hi\u00e7bir sak\u0131nca yoktur.<\/p>\n\n\n\n\n\r\n<p><span style=\"color: #000000;\">D\u00f6vme \u00f6ncesinde alkol almam sorun olur mu? <\/span><\/p>\r\n\n<p style=\"color: rgb(255, 255, 255);\">Alkol kan\u0131 suland\u0131rd\u0131\u011f\u0131 i\u00e7in i\u015flemimizi \u00e7ok daha zor ve ac\u0131l\u0131 bir duruma sokacakt\u0131r ve istedi\u011finiz g\u00f6r\u00fcnt\u00fcy\u00fc tek seferde elde etmemiz zorla\u015facakt\u0131r. Sa\u011fl\u0131kl\u0131 bir i\u015flem ge\u00e7irmek istiyorsan\u0131z bir g\u00fcn \u00f6nceden alkol almaman\u0131z \u015fiddetle tavsiye edilir.<\/p>\n\n\n\n\n\n\n\n\n\n","protected":false},"excerpt":{"rendered":"","protected":false},"author":1,"featured_media":0,"parent":0,"menu_order":0,"comment_status":"closed","ping_status":"closed","template":"","meta":{"pagelayer_contact_templates":[],"_pagelayer_content":"","footnotes":""},"class_list":["post-241","page","type-page","status-publish","hentry"],"_links":{"self":[{"href":"https:\/\/inkertattoo.com.tr\/index.php?rest_route=\/wp\/v2\/pages\/241","targetHints":{"allow":["GET"]}}],"collection":[{"href":"https:\/\/inkertattoo.com.tr\/index.php?rest_route=\/wp\/v2\/pages"}],"about":[{"href":"https:\/\/inkertattoo.com.tr\/index.php?rest_route=\/wp\/v2\/types\/page"}],"author":[{"embeddable":true,"href":"https:\/\/inkertattoo.com.tr\/index.php?rest_route=\/wp\/v2\/users\/1"}],"replies":[{"embeddable":true,"href":"https:\/\/inkertattoo.com.tr\/index.php?rest_route=%2Fwp%2Fv2%2Fcomments&post=241"}],"version-history":[{"count":11,"href":"https:\/\/inkertattoo.com.tr\/index.php?rest_route=\/wp\/v2\/pages\/241\/revisions"}],"predecessor-version":[{"id":278,"href":"https:\/\/inkertattoo.com.tr\/index.php?rest_route=\/wp\/v2\/pages\/241\/revisions\/278"}],"wp:attachment":[{"href":"https:\/\/inkertattoo.com.tr\/index.php?rest_route=%2Fwp%2Fv2%2Fmedia&parent=241"}],"curies":[{"name":"wp","href":"https:\/\/api.w.org\/{rel}","templated":true}]}}